{"id":19,"date":"2023-06-27T17:28:22","date_gmt":"2023-06-27T15:28:22","guid":{"rendered":"https:\/\/www.fzsbarr.cz\/pegas\/?page_id=19"},"modified":"2025-08-26T13:01:14","modified_gmt":"2025-08-26T11:01:14","slug":"historie","status":"publish","type":"page","link":"https:\/\/www.fzsbarr.cz\/pegas\/","title":{"rendered":"O n\u00e1s"},"content":{"rendered":"<p><strong>D\u011btsk\u00fd p\u011bveck\u00fd sbor Pegas<\/strong> zalo\u017eil sbormistr Jaroslav Semor\u00e1d v roce 1992. Od roku 2008 pracuje se sborem t\u00e9\u017e sbormistryn\u011b Miroslava Illov\u00e1.<\/p>\n<p>Ve \u0161koln\u00edm roce 2025\/2026 je to ji\u017e 33. koncertn\u00ed sez\u00f3na sboru.. V sou\u010dasn\u00e9 dob\u011b zp\u00edv\u00e1 <span lang=\"cs\">ve v\u0161ech odd\u011blen\u00edch kolem 100 zp\u011bv\u00e1k\u016f a<span style=\"color: #ff0000;\"><strong> s radost\u00ed uv\u00edt\u00e1me dal\u0161\u00ed z\u00e1jemce!<\/strong><\/span><\/span><\/p>\n<p>\u010cinnost sboru podporuje M\u011bstsk\u00e1 \u010d\u00e1st Praha 5 a FZ\u0160 a M\u0160 Barrandov II.&nbsp;<\/p>\n<p>Sbor po\u0159\u00e1d\u00e1 ka\u017ed\u00fd rok koncerty v \u010cesk\u00e9m muzeu hudby, Kostele Krista Spasitele na Barrandov\u011b, divadle a atriu \u0161koly.&nbsp;<\/p>\n<p>Sborov\u00e1 odd\u011blen\u00ed:<\/p>\n<p><strong>Peg\u00e1sek<\/strong> &#8211; d\u011bti od p\u0159\u00edpravn\u00e9 do 3. t\u0159\u00eddy<\/p>\n<p>zkou\u0161ky: \u00fater\u00fd: 14:00 &#8211; 14:45<\/p>\n<p><strong>Pegas &#8211; <\/strong>od 4. do 9. t\u0159\u00eddy (i d\u00e9le:))<\/p>\n<p>zkou\u0161ky: \u00fater\u00fd: 17:00 &#8211; 18:30<\/p>\n<p><strong>Star\u00fd Pegas<\/strong> &#8211; b\u00fdval\u00ed \u010dlenov\u00e9 Pegasu + dal\u0161\u00ed z\u00e1jemci o spole\u010dn\u00e9 zp\u00edv\u00e1n\u00ed<\/p>\n<p>zkou\u0161ky: \u00fater\u00fd: 19:00 &#8211; 21:00<\/p>\n<p>&nbsp;<\/p>\n<p>&nbsp;<\/p>\n<p>&nbsp;<\/p>\n","protected":false},"excerpt":{"rendered":"<p>D\u011btsk\u00fd p\u011bveck\u00fd sbor Pegas zalo\u017eil sbormistr Jaroslav Semor\u00e1d v roce 1992. Od roku 2008 pracuje se sborem t\u00e9\u017e sbormistryn\u011b Miroslava Illov\u00e1. Ve \u0161koln\u00edm roce 2025\/2026 je to ji\u017e 33. koncertn\u00ed sez\u00f3na sboru.. V sou\u010dasn\u00e9 dob\u011b zp\u00edv\u00e1 ve v\u0161ech odd\u011blen\u00edch kolem &hellip; <a class=\"more-link\" href=\"https:\/\/www.fzsbarr.cz\/pegas\/\">read more<\/a><\/p>","protected":false},"author":2,"featured_media":0,"parent":0,"menu_order":0,"comment_status":"closed","ping_status":"closed","template":"","meta":{"ngg_post_thumbnail":0,"footnotes":""},"class_list":["post-19","page","type-page","status-publish","hentry"],"_links":{"self":[{"href":"https:\/\/www.fzsbarr.cz\/pegas\/wp-json\/wp\/v2\/pages\/19","targetHints":{"allow":["GET"]}}],"collection":[{"href":"https:\/\/www.fzsbarr.cz\/pegas\/wp-json\/wp\/v2\/pages"}],"about":[{"href":"https:\/\/www.fzsbarr.cz\/pegas\/wp-json\/wp\/v2\/types\/page"}],"author":[{"embeddable":true,"href":"https:\/\/www.fzsbarr.cz\/pegas\/wp-json\/wp\/v2\/users\/2"}],"replies":[{"embeddable":true,"href":"https:\/\/www.fzsbarr.cz\/pegas\/wp-json\/wp\/v2\/comments?post=19"}],"version-history":[{"count":17,"href":"https:\/\/www.fzsbarr.cz\/pegas\/wp-json\/wp\/v2\/pages\/19\/revisions"}],"predecessor-version":[{"id":505,"href":"https:\/\/www.fzsbarr.cz\/pegas\/wp-json\/wp\/v2\/pages\/19\/revisions\/505"}],"wp:attachment":[{"href":"https:\/\/www.fzsbarr.cz\/pegas\/wp-json\/wp\/v2\/media?parent=19"}],"curies":[{"name":"wp","href":"https:\/\/api.w.org\/{rel}","templated":true}]}}