{"id":93,"date":"2015-08-20T19:54:48","date_gmt":"2015-08-20T18:54:48","guid":{"rendered":"http:\/\/barrandov.sunnet.cz\/msz\/?page_id=93"},"modified":"2025-09-04T13:39:30","modified_gmt":"2025-09-04T12:39:30","slug":"skolne","status":"publish","type":"page","link":"https:\/\/www.fzsbarr.cz\/msz\/pro-rodice\/materska-skola\/skolne\/","title":{"rendered":"\u0160koln\u00e9"},"content":{"rendered":"<ul>\n<li>Vzd\u011bl\u00e1v\u00e1n\u00ed v posledn\u00edm ro\u010dn\u00edku M\u0160 je zdarma<\/li>\n<li>Ostatn\u00ed d\u011bti (2 a\u017e 6 let a odklad \u0161koln\u00ed doch\u00e1zky) plat\u00ed \u0161koln\u00e9&nbsp; 1300 K\u010d\/m\u011bs\u00edc<\/li>\n<li>Specifick\u00fd symbol &#8211; <strong>7777<\/strong><\/li>\n<\/ul>\n<p><a href=\"https:\/\/www.fzsbarr.cz\/msz\/wp-content\/uploads\/Tabulka_-_Vyse_uplaty_za_predskolni_vzdelavani_a_skolske_sluzby_na_skolni_rok_2025-2026_1.pdf\">V\u00fd\u0161e_\u00faplaty_za_p\u0159ed\u0161koln\u00ed_vzd\u011bl\u00e1v\u00e1n\u00ed_a_\u0161kolsk\u00e9_slu\u017eby_na_\u0161koln\u00ed_rok_2025-2026_(1)<\/a><\/p>\n","protected":false},"excerpt":{"rendered":"<p>Vzd\u011bl\u00e1v\u00e1n\u00ed v posledn\u00edm ro\u010dn\u00edku M\u0160 je zdarma Ostatn\u00ed d\u011bti (2 a\u017e 6 let a odklad \u0161koln\u00ed doch\u00e1zky) plat\u00ed \u0161koln\u00e9&nbsp; 1300 K\u010d\/m\u011bs\u00edc Specifick\u00fd symbol &#8211; 7777 V\u00fd\u0161e_\u00faplaty_za_p\u0159ed\u0161koln\u00ed_vzd\u011bl\u00e1v\u00e1n\u00ed_a_\u0161kolsk\u00e9_slu\u017eby_na_\u0161koln\u00ed_rok_2025-2026_(1) <a class=\"more-link\" href=\"https:\/\/www.fzsbarr.cz\/msz\/pro-rodice\/materska-skola\/skolne\/\">read more<\/a><\/p>","protected":false},"author":3,"featured_media":0,"parent":222,"menu_order":0,"comment_status":"closed","ping_status":"closed","template":"","meta":{"ngg_post_thumbnail":0,"footnotes":""},"class_list":["post-93","page","type-page","status-publish","hentry"],"_links":{"self":[{"href":"https:\/\/www.fzsbarr.cz\/msz\/wp-json\/wp\/v2\/pages\/93","targetHints":{"allow":["GET"]}}],"collection":[{"href":"https:\/\/www.fzsbarr.cz\/msz\/wp-json\/wp\/v2\/pages"}],"about":[{"href":"https:\/\/www.fzsbarr.cz\/msz\/wp-json\/wp\/v2\/types\/page"}],"author":[{"embeddable":true,"href":"https:\/\/www.fzsbarr.cz\/msz\/wp-json\/wp\/v2\/users\/3"}],"replies":[{"embeddable":true,"href":"https:\/\/www.fzsbarr.cz\/msz\/wp-json\/wp\/v2\/comments?post=93"}],"version-history":[{"count":11,"href":"https:\/\/www.fzsbarr.cz\/msz\/wp-json\/wp\/v2\/pages\/93\/revisions"}],"predecessor-version":[{"id":22019,"href":"https:\/\/www.fzsbarr.cz\/msz\/wp-json\/wp\/v2\/pages\/93\/revisions\/22019"}],"up":[{"embeddable":true,"href":"https:\/\/www.fzsbarr.cz\/msz\/wp-json\/wp\/v2\/pages\/222"}],"wp:attachment":[{"href":"https:\/\/www.fzsbarr.cz\/msz\/wp-json\/wp\/v2\/media?parent=93"}],"curies":[{"name":"wp","href":"https:\/\/api.w.org\/{rel}","templated":true}]}}