{"id":51,"date":"2015-08-04T22:40:53","date_gmt":"2015-08-04T21:40:53","guid":{"rendered":"http:\/\/barrandov.sunnet.cz\/msz\/?page_id=51"},"modified":"2025-10-24T13:19:44","modified_gmt":"2025-10-24T12:19:44","slug":"kontakty","status":"publish","type":"page","link":"https:\/\/www.fzsbarr.cz\/msz\/kontakty\/","title":{"rendered":"Kontakty"},"content":{"rendered":"<h5><span style=\"color: #ff9900; font-size: 14pt;\"><strong><span style=\"color: #ff6600;\">Adresa pracovi\u0161t\u011b<\/span><br \/>\n<\/strong><\/span><\/h5>\n<p><span style=\"font-size: 14pt;\"><strong>M\u0160 a Z\u0160 Z\u00e1horsk\u00e9ho<\/strong><\/span><br \/>\n<span style=\"font-size: 14pt;\"> Z\u00e1horsk\u00e9ho 887\/2<\/span><br \/>\n<span style=\"font-size: 14pt;\"> 152 00 Praha 5 \u2013 Hlubo\u010depy<\/span><\/p>\n<p><span style=\"font-size: 14pt;\"><strong>Kde n\u00e1s najdete:<\/strong><\/span><br \/>\n<span style=\"font-size: 14pt;\"> <strong>GPS:<\/strong>&nbsp;50.0296489N, 14.3732003E<\/span><br \/>\n<iframe loading=\"lazy\" src=\"https:\/\/www.google.com\/maps\/embed?pb=%211m18%211m12%211m3%211d2563.0236643038957%212d14.373207499999994%213d50.0296524%212m3%211f0%212f0%213f0%213m2%211i1024%212i768%214f13.1%213m3%211m2%211s0x470b9680cea9b863%3A0xedcc051e2ac6b919%212sZ%C3%A1horsk%C3%A9ho+887%2F2%2C+152+00+Praha-Praha+5%215e0%213m2%211scs%212scz%214v1435927474450\" width=\"400\" height=\"300\" frameborder=\"0\" allowfullscreen=\"allowfullscreen\" data-mce-fragment=\"1\"><\/iframe><\/p>\n<h5><span style=\"color: #ff6600; font-size: 14pt;\"><strong>Kontaktn\u00ed osoba pro M\u0160 a Z\u0160 Z\u00e1horsk\u00e9ho<\/strong><\/span><\/h5>\n<table style=\"height: 56px; width: 100.447%;\" width=\"660\">\n<tbody>\n<tr>\n<td style=\"width: 38.7306%;\"><span style=\"font-size: 14pt;\"><strong>Mgr. R\u016f\u017eena Kufrov\u00e1<br \/>\n<\/strong><span style=\"font-size: 12pt;\">Z\u00e1stupce \u0159editele pro p\u0159ed\u0161koln\u00ed vzd\u011bl\u00e1v\u00e1n\u00ed, speci\u00e1ln\u00ed pedagog<\/span><br \/>\n<\/span><\/td>\n<td style=\"width: 21.9131%;\"><span style=\"font-size: 14pt;\">721 136 974<\/span><\/td>\n<td style=\"width: 103.171%;\"><span style=\"font-size: 14pt;\"><a href=\"mailto:ruzena.kufrova@fzsbarr.cz\" target=\"_blank\" rel=\"noopener noreferrer\">ruzena.kufrova@fzsbarr.cz<\/a><\/span><\/td>\n<\/tr>\n<\/tbody>\n<\/table>\n<h5><span style=\"font-size: 14pt; color: #ff6600;\"><strong>Ostatn\u00ed kontakty<\/strong><\/span><\/h5>\n<ul>\n<li><span style=\"font-size: 14pt;\"><strong>provozn\u00ed telefon a&nbsp; SMS omluvy: 777 711 356<\/strong><\/span><\/li>\n<\/ul>\n<h5><span style=\"font-size: 14pt; color: #ff6600;\"><strong>Z\u0160 Z\u00e1horsk\u00e9ho<\/strong><\/span><\/h5>\n<table style=\"height: 112px; width: 100.523%;\" width=\"652\">\n<tbody>\n<tr style=\"height: 28px;\">\n<td style=\"width: 9.06298%; height: 28px;\" width=\"64\"><span style=\"font-size: 14pt;\"><strong>t\u0159\u00edda<\/strong><\/span><\/td>\n<td style=\"width: 29.3395%; height: 28px;\" width=\"160\"><span style=\"font-size: 14pt;\"><strong>t\u0159\u00eddn\u00ed u\u010ditelka<\/strong><\/span><\/td>\n<td style=\"width: 1.34228%; height: 28px;\" width=\"76\">&nbsp;<\/td>\n<td style=\"width: 72.7959%; height: 28px;\" width=\"202\"><span style=\"font-size: 14pt;\"><strong>e-mail<\/strong><\/span><\/td>\n<\/tr>\n<tr style=\"height: 28px;\">\n<td style=\"width: 9.06298%; height: 28px;\" width=\"64\"><span style=\"font-size: 14pt;\">PT A<\/span><\/td>\n<td style=\"width: 29.3395%; height: 28px;\" width=\"160\"><span style=\"font-size: 14pt;\">Marie Ke\u0159l\u00edkov\u00e1<br \/>\n<\/span><\/td>\n<td style=\"width: 1.34228%; height: 28px;\" width=\"76\">&nbsp;<\/td>\n<td style=\"width: 72.7959%; height: 28px;\" width=\"202\"><span style=\"font-size: 14pt;\"><a href=\"mailto:iva.matoskova@fzsbarr.cz\">marie.kerlikova@fzsbarr.cz<\/a><\/span><\/td>\n<\/tr>\n<tr style=\"height: 28px;\">\n<td style=\"width: 9.06298%; height: 28px;\"><span style=\"font-size: 14pt;\">PT B<\/span><\/td>\n<td style=\"width: 29.3395%; height: 28px;\"><span style=\"font-size: 14pt;\">Mgr. R\u016f\u017eena Kufrov\u00e1<\/span><\/td>\n<td style=\"width: 1.34228%; height: 28px;\">&nbsp;<\/td>\n<td style=\"width: 72.7959%; height: 28px;\"><span style=\"font-size: 14pt;\"><a href=\"mailto:ruzena.kufrova@fzsbarr.cz\" target=\"_blank\" rel=\"noopener noreferrer\">ruzena.kufrova@fzsbarr.cz<\/a><\/span><\/td>\n<\/tr>\n<tr style=\"height: 28px;\">\n<td style=\"width: 9.06298%; height: 28px;\"><span style=\"font-size: 14pt;\">\u0160D<br \/>\n<\/span><\/td>\n<td style=\"width: 29.3395%; height: 28px;\"><span style=\"font-size: 14pt;\">Alena Sta\u0148kov\u00e1<\/span><\/td>\n<td style=\"width: 1.34228%; height: 28px;\">&nbsp;<\/td>\n<td style=\"width: 72.7959%; height: 28px;\"><span style=\"font-size: 14pt; color: #0000ff;\"><a href=\"mailto:ruzena.kufrova@fzsbarr.cz\" target=\"_blank\" rel=\"noopener noreferrer\">alena.stankova@fzsbarr.cz<\/a><\/span><\/td>\n<\/tr>\n<\/tbody>\n<\/table>\n<h5><span style=\"color: #ff6600; font-size: 14pt;\"><strong>M\u0160 Z\u00e1horsk\u00e9ho<\/strong><\/span><\/h5>\n<table style=\"height: 174px; width: 100.363%;\" width=\"650\">\n<tbody>\n<tr style=\"height: 24px;\">\n<td style=\"width: 8.93179%; height: 24px;\"><span style=\"font-size: 14pt;\"><strong>t\u0159\u00edda<\/strong><\/span><\/td>\n<td style=\"width: 29.5828%; height: 24px;\"><span style=\"font-size: 14pt;\"><strong>u\u010ditelka<\/strong><\/span><\/td>\n<td style=\"width: 1.34409%; height: 24px;\">&nbsp;<\/td>\n<td style=\"width: 103.719%; height: 24px;\"><span style=\"font-size: 14pt;\"><strong>e-mail<\/strong><\/span><\/td>\n<\/tr>\n<tr style=\"height: 28px;\">\n<td style=\"width: 8.93179%; height: 28px;\"><span style=\"font-size: 14pt;\">Brou\u010dci<\/span><\/td>\n<td style=\"width: 29.5828%; height: 28px;\">Zuzana Rauchov\u00e1, DiS<\/td>\n<td style=\"width: 1.34409%; height: 28px;\">&nbsp;<\/td>\n<td style=\"width: 103.719%; height: 28px;\"><span style=\"font-size: 14pt;\"><a href=\"mailto:zuzana.rauchova@fzsbarr.cz\" target=\"_blank\" rel=\"noopener noreferrer\">zuzana.rauchova@fzsbarr.cz<\/a><\/span><\/td>\n<\/tr>\n<tr style=\"height: 24px;\">\n<td style=\"width: 8.93179%; height: 24px;\"><span style=\"font-size: 14pt;\">Brou\u010dci<\/span><\/td>\n<td style=\"width: 29.5828%; height: 24px;\"><span style=\"font-size: 14pt;\">Bc. Barbora Voleveck\u00e1<\/span><\/td>\n<td style=\"width: 1.34409%; height: 24px;\">&nbsp;<\/td>\n<td style=\"width: 103.719%; height: 24px;\"><a href=\"mailto:barbora.volevecka@fzsbarr.cz\"><span style=\"color: #0000ff;\"><span style=\"font-size: 12pt;\"><span style=\"font-size: 14pt;\">barbora.volevecka@fzsbarr.cz<\/span><\/span><\/span><\/a><\/td>\n<\/tr>\n<tr style=\"height: 18px;\">\n<td style=\"width: 8.93179%; height: 18px;\"><span style=\"font-size: 14pt;\">V\u010delky<\/span><\/td>\n<td style=\"width: 29.5828%; height: 18px;\"><span style=\"font-size: 14pt;\">Zuzana Krausov\u00e1<\/span><\/td>\n<td style=\"width: 1.34409%; height: 18px;\">&nbsp;<\/td>\n<td style=\"width: 103.719%; height: 18px;\"><span style=\"font-size: 14pt;\"><a href=\"mailto:miluska.veverkova@fzsbarr.cz\" target=\"_blank\" rel=\"noopener noreferrer\">zuzana.krausova@fzsbarr.cz<\/a><\/span><\/td>\n<\/tr>\n<tr style=\"height: 28px;\">\n<td style=\"width: 8.93179%; height: 28px;\"><span style=\"font-size: 14pt;\">V\u010delky<\/span><\/td>\n<td style=\"width: 29.5828%; height: 28px;\">Michaela <span style=\"font-size: 14pt;\">Seb\u00f6kov\u00e1<\/span><\/td>\n<td style=\"width: 1.34409%; height: 28px;\">&nbsp;<\/td>\n<td style=\"width: 103.719%; height: 28px;\">michaela.sebokova@fzsbarr.cz<\/td>\n<\/tr>\n<tr style=\"height: 28px;\">\n<td style=\"width: 8.93179%; height: 28px;\"><span style=\"font-size: 14pt;\">Mot\u00fdlci<\/span><\/td>\n<td style=\"width: 29.5828%; height: 28px;\"><span style=\"font-size: 14pt;\">Bc. Tereza Kub\u00edkov\u00e1<\/span><\/td>\n<td style=\"width: 1.34409%; height: 28px;\">&nbsp;<\/td>\n<td style=\"width: 103.719%; height: 28px;\"><span style=\"font-size: 14pt;\"><a href=\"mailto:iva.hamouzova@fzsbarr.cz\">tereza.kubikova@fzsbarr.cz<\/a><\/span><\/td>\n<\/tr>\n<tr style=\"height: 24px;\">\n<td style=\"width: 8.93179%; height: 24px;\"><span style=\"font-size: 14pt;\">Mot\u00fdlci<\/span><\/td>\n<td style=\"width: 29.5828%; height: 24px;\"><span style=\"font-size: 14pt;\">Martina Steinitzov\u00e1<\/span><\/td>\n<td style=\"width: 1.34409%; height: 24px;\">&nbsp;<\/td>\n<td style=\"width: 103.719%; height: 24px;\"><span style=\"font-size: 14pt;\"><a href=\"mailto:iva.hamouzova@fzsbarr.cz\">martina.steinitzova@fzsbarr.cz<\/a><\/span><\/td>\n<\/tr>\n<\/tbody>\n<\/table>\n<h5><span style=\"font-size: 14pt;\"><strong>Asistenti pedagoga<\/strong><\/span><\/h5>\n<table style=\"height: 99px; width: 100.643%;\" width=\"650\">\n<tbody>\n<tr style=\"height: 33px;\">\n<td style=\"width: 13.4146%; height: 33px;\"><span style=\"font-size: 14pt;\"><strong>t\u0159\u00edda<\/strong><\/span><\/td>\n<td style=\"width: 25.0778%; height: 33px;\"><span style=\"font-size: 14pt;\"><strong>asistentka<\/strong><\/span><\/td>\n<td style=\"width: 1.34048%; height: 33px;\">&nbsp;<\/td>\n<td style=\"width: 102.734%; height: 33px;\"><span style=\"font-size: 14pt;\"><strong>e-mail<\/strong><\/span><\/td>\n<\/tr>\n<tr>\n<td style=\"width: 13.4146%;\"><span style=\"font-size: 14pt;\">Mot\u00fdlci<\/span><\/td>\n<td style=\"width: 25.0778%;\"><span style=\"font-size: 14pt;\">Yelizaveta Lendel<\/span><\/td>\n<td style=\"width: 1.34048%;\">&nbsp;<\/td>\n<td style=\"width: 102.734%;\"><span style=\"font-size: 14pt; color: #0000ff;\">Yelizaveta.lendel@fzsbarr.cz<\/span><\/td>\n<\/tr>\n<tr style=\"height: 33px;\">\n<td style=\"width: 13.4146%; height: 33px;\"><span style=\"font-size: 14pt;\">PT B<\/span><\/td>\n<td style=\"width: 25.0778%; height: 33px;\"><span style=\"font-size: 14pt;\">Ad\u00e9la P\u011bkn\u00e1<\/span><\/td>\n<td style=\"width: 1.34048%; height: 33px;\">&nbsp;<\/td>\n<td style=\"width: 102.734%; height: 33px;\"><span style=\"font-size: 14pt;\"><a href=\"mailto:sarka.jilkova@fzsbarr.cz\">adela.pekna@fzsbarr.cz<\/a><\/span><\/td>\n<\/tr>\n<tr style=\"height: 33px;\">\n<td style=\"width: 13.4146%; height: 33px;\"><span style=\"font-size: 14pt;\">PT A<\/span><\/td>\n<td style=\"width: 25.0778%; height: 33px;\"><span style=\"font-size: 14pt;\">Jakub Michal\u00ed\u010dek<br \/>\n<\/span><\/td>\n<td style=\"width: 1.34048%; height: 33px;\">&nbsp;<\/td>\n<td style=\"width: 102.734%; height: 33px;\"><span style=\"font-size: 14pt;\"><a href=\"mailto:martina.steinitzova@fzsbarr.cz\">jakub.michalicek<span id=\"fck_dom_range_temp_1384260550911_272\"><\/span>@fzsbarr.cz<\/a><\/span><\/td>\n<\/tr>\n<\/tbody>\n<\/table>\n<p>&nbsp;<\/p>\n","protected":false},"excerpt":{"rendered":"<p>Adresa pracovi\u0161t\u011b M\u0160 a Z\u0160 Z\u00e1horsk\u00e9ho Z\u00e1horsk\u00e9ho 887\/2 152 00 Praha 5 \u2013 Hlubo\u010depy Kde n\u00e1s najdete: GPS:&nbsp;50.0296489N, 14.3732003E Kontaktn\u00ed osoba pro M\u0160 a Z\u0160 Z\u00e1horsk\u00e9ho Mgr. R\u016f\u017eena Kufrov\u00e1 Z\u00e1stupce \u0159editele pro p\u0159ed\u0161koln\u00ed vzd\u011bl\u00e1v\u00e1n\u00ed, speci\u00e1ln\u00ed pedagog 721 136 974 ruzena.kufrova@fzsbarr.cz &hellip; <a class=\"more-link\" href=\"https:\/\/www.fzsbarr.cz\/msz\/kontakty\/\">read more<\/a><\/p>","protected":false},"author":3,"featured_media":0,"parent":0,"menu_order":0,"comment_status":"closed","ping_status":"closed","template":"","meta":{"ngg_post_thumbnail":0,"footnotes":""},"class_list":["post-51","page","type-page","status-publish","hentry"],"_links":{"self":[{"href":"https:\/\/www.fzsbarr.cz\/msz\/wp-json\/wp\/v2\/pages\/51","targetHints":{"allow":["GET"]}}],"collection":[{"href":"https:\/\/www.fzsbarr.cz\/msz\/wp-json\/wp\/v2\/pages"}],"about":[{"href":"https:\/\/www.fzsbarr.cz\/msz\/wp-json\/wp\/v2\/types\/page"}],"author":[{"embeddable":true,"href":"https:\/\/www.fzsbarr.cz\/msz\/wp-json\/wp\/v2\/users\/3"}],"replies":[{"embeddable":true,"href":"https:\/\/www.fzsbarr.cz\/msz\/wp-json\/wp\/v2\/comments?post=51"}],"version-history":[{"count":61,"href":"https:\/\/www.fzsbarr.cz\/msz\/wp-json\/wp\/v2\/pages\/51\/revisions"}],"predecessor-version":[{"id":22400,"href":"https:\/\/www.fzsbarr.cz\/msz\/wp-json\/wp\/v2\/pages\/51\/revisions\/22400"}],"wp:attachment":[{"href":"https:\/\/www.fzsbarr.cz\/msz\/wp-json\/wp\/v2\/media?parent=51"}],"curies":[{"name":"wp","href":"https:\/\/api.w.org\/{rel}","templated":true}]}}