{"id":22616,"date":"2025-11-17T16:51:35","date_gmt":"2025-11-17T15:51:35","guid":{"rendered":"https:\/\/www.fzsbarr.cz\/msz\/?page_id=22616"},"modified":"2025-11-17T16:51:35","modified_gmt":"2025-11-17T15:51:35","slug":"setkani-s-dravci","status":"publish","type":"page","link":"https:\/\/www.fzsbarr.cz\/msz\/fotogalerie\/fotogalerie-ms-2\/setkani-s-dravci\/","title":{"rendered":"Setk\u00e1n\u00ed s dravci"},"content":{"rendered":"<p data-start=\"36\" data-end=\"227\">Na \u0161kolkovou zahradu k n\u00e1m zav\u00edtal sokoln\u00edk se svou asistentkou a skupinou kr\u00e1sn\u00fdch dravc\u016f. D\u011bti zbl\u00edzka pozorovaly jejich tich\u00fd let, rychl\u00e9 man\u00e9vry i p\u0159esn\u00e9 p\u0159ist\u00e1v\u00e1n\u00ed na rukavici s masem.<\/p>\n<p data-start=\"229\" data-end=\"409\" data-is-last-node=\"\" data-is-only-node=\"\">Ti odv\u00e1\u017en\u011bj\u0161\u00ed si krmen\u00ed sami vyzkou\u0161eli a v\u0161ichni si mohli dravce pohladit. Dopoledne bylo pln\u00e9 objevov\u00e1n\u00ed, radosti a velk\u00e9ho nad\u0161en\u00ed \u2013 z\u00e1\u017eitek, na kter\u00fd se jen tak nezapom\u00edn\u00e1.<\/p>\nngg_shortcode_0_placeholder\n","protected":false},"excerpt":{"rendered":"<p>Na \u0161kolkovou zahradu k n\u00e1m zav\u00edtal sokoln\u00edk se svou asistentkou a skupinou kr\u00e1sn\u00fdch dravc\u016f. D\u011bti zbl\u00edzka pozorovaly jejich tich\u00fd let, rychl\u00e9 man\u00e9vry i p\u0159esn\u00e9 p\u0159ist\u00e1v\u00e1n\u00ed na rukavici s masem. Ti odv\u00e1\u017en\u011bj\u0161\u00ed si krmen\u00ed sami vyzkou\u0161eli a v\u0161ichni si mohli dravce &hellip; <a class=\"more-link\" href=\"https:\/\/www.fzsbarr.cz\/msz\/fotogalerie\/fotogalerie-ms-2\/setkani-s-dravci\/\">read more<\/a><\/p>","protected":false},"author":8,"featured_media":0,"parent":3310,"menu_order":0,"comment_status":"closed","ping_status":"closed","template":"","meta":{"ngg_post_thumbnail":0,"footnotes":""},"class_list":["post-22616","page","type-page","status-publish","hentry"],"_links":{"self":[{"href":"https:\/\/www.fzsbarr.cz\/msz\/wp-json\/wp\/v2\/pages\/22616","targetHints":{"allow":["GET"]}}],"collection":[{"href":"https:\/\/www.fzsbarr.cz\/msz\/wp-json\/wp\/v2\/pages"}],"about":[{"href":"https:\/\/www.fzsbarr.cz\/msz\/wp-json\/wp\/v2\/types\/page"}],"author":[{"embeddable":true,"href":"https:\/\/www.fzsbarr.cz\/msz\/wp-json\/wp\/v2\/users\/8"}],"replies":[{"embeddable":true,"href":"https:\/\/www.fzsbarr.cz\/msz\/wp-json\/wp\/v2\/comments?post=22616"}],"version-history":[{"count":1,"href":"https:\/\/www.fzsbarr.cz\/msz\/wp-json\/wp\/v2\/pages\/22616\/revisions"}],"predecessor-version":[{"id":22617,"href":"https:\/\/www.fzsbarr.cz\/msz\/wp-json\/wp\/v2\/pages\/22616\/revisions\/22617"}],"up":[{"embeddable":true,"href":"https:\/\/www.fzsbarr.cz\/msz\/wp-json\/wp\/v2\/pages\/3310"}],"wp:attachment":[{"href":"https:\/\/www.fzsbarr.cz\/msz\/wp-json\/wp\/v2\/media?parent=22616"}],"curies":[{"name":"wp","href":"https:\/\/api.w.org\/{rel}","templated":true}]}}