{"id":22058,"date":"2025-09-16T08:54:04","date_gmt":"2025-09-16T07:54:04","guid":{"rendered":"https:\/\/www.fzsbarr.cz\/msz\/?page_id=22058"},"modified":"2025-09-16T08:54:04","modified_gmt":"2025-09-16T07:54:04","slug":"vylet-za-zviratky-do-chuchelskeho-haje","status":"publish","type":"page","link":"https:\/\/www.fzsbarr.cz\/msz\/fotogalerie\/fotogalerie-pripravne-tridy\/vylet-za-zviratky-do-chuchelskeho-haje\/","title":{"rendered":"V\u00fdlet za zv\u00ed\u0159\u00e1tky do Chuchelsk\u00e9ho h\u00e1je"},"content":{"rendered":"<p data-start=\"180\" data-end=\"424\">Ve st\u0159edu 10. 9. v r\u00e1mci programu \u0161koln\u00ed dru\u017einy.<\/p>\nngg_shortcode_0_placeholder\n","protected":false},"excerpt":{"rendered":"<p>Ve st\u0159edu 10. 9. v r\u00e1mci programu \u0161koln\u00ed dru\u017einy. <a class=\"more-link\" href=\"https:\/\/www.fzsbarr.cz\/msz\/fotogalerie\/fotogalerie-pripravne-tridy\/vylet-za-zviratky-do-chuchelskeho-haje\/\">read more<\/a><\/p>","protected":false},"author":8,"featured_media":0,"parent":620,"menu_order":0,"comment_status":"closed","ping_status":"closed","template":"","meta":{"ngg_post_thumbnail":0,"footnotes":""},"class_list":["post-22058","page","type-page","status-publish","hentry"],"_links":{"self":[{"href":"https:\/\/www.fzsbarr.cz\/msz\/wp-json\/wp\/v2\/pages\/22058","targetHints":{"allow":["GET"]}}],"collection":[{"href":"https:\/\/www.fzsbarr.cz\/msz\/wp-json\/wp\/v2\/pages"}],"about":[{"href":"https:\/\/www.fzsbarr.cz\/msz\/wp-json\/wp\/v2\/types\/page"}],"author":[{"embeddable":true,"href":"https:\/\/www.fzsbarr.cz\/msz\/wp-json\/wp\/v2\/users\/8"}],"replies":[{"embeddable":true,"href":"https:\/\/www.fzsbarr.cz\/msz\/wp-json\/wp\/v2\/comments?post=22058"}],"version-history":[{"count":1,"href":"https:\/\/www.fzsbarr.cz\/msz\/wp-json\/wp\/v2\/pages\/22058\/revisions"}],"predecessor-version":[{"id":22061,"href":"https:\/\/www.fzsbarr.cz\/msz\/wp-json\/wp\/v2\/pages\/22058\/revisions\/22061"}],"up":[{"embeddable":true,"href":"https:\/\/www.fzsbarr.cz\/msz\/wp-json\/wp\/v2\/pages\/620"}],"wp:attachment":[{"href":"https:\/\/www.fzsbarr.cz\/msz\/wp-json\/wp\/v2\/media?parent=22058"}],"curies":[{"name":"wp","href":"https:\/\/api.w.org\/{rel}","templated":true}]}}