{"id":195,"date":"2015-09-29T15:17:46","date_gmt":"2015-09-29T14:17:46","guid":{"rendered":"http:\/\/barrandov.sunnet.cz\/msz\/?page_id=195"},"modified":"2015-10-07T22:55:37","modified_gmt":"2015-10-07T21:55:37","slug":"spravni-zamestnanci","status":"publish","type":"page","link":"https:\/\/www.fzsbarr.cz\/msz\/o-nas\/spravni-zamestnanci\/","title":{"rendered":"Co nab\u00edz\u00edme"},"content":{"rendered":"<p><a href=\"http:\/\/www.fzsbarr.cz\/msz\/o-nas\/spravni-zamestnanci\/spoluprace-s-rodinou\/\" target=\"_blank\">Spolupr\u00e1ce s rodinou<\/a><\/p>\n<p><a href=\"http:\/\/www.fzsbarr.cz\/msz\/o-nas\/spravni-zamestnanci\/moderni-pristup-k-vychove-a-vzdelavani-deti\/\" target=\"_blank\">Modern\u00ed p\u0159\u00edstup k v\u00fdchov\u011b a vzd\u011bl\u00e1v\u00e1n\u00ed d\u011bt\u00ed<\/a><\/p>\n<p><a href=\"http:\/\/www.fzsbarr.cz\/msz\/o-nas\/spravni-zamestnanci\/rozvoj-telesne-zdatnosti-prevence-detske-obezity\/\" target=\"_blank\">Rozvoj t\u011blesn\u00e9 zdatnosti, prevence d\u011btsk\u00e9 obezity<\/a><\/p>\n<p><a href=\"http:\/\/www.fzsbarr.cz\/msz\/o-nas\/spravni-zamestnanci\/nadstandardni-aktivity\/\" target=\"_blank\">Nadstandardn\u00ed aktivity<\/a><\/p>\n","protected":false},"excerpt":{"rendered":"<p>Spolupr\u00e1ce s rodinou Modern\u00ed p\u0159\u00edstup k v\u00fdchov\u011b a vzd\u011bl\u00e1v\u00e1n\u00ed d\u011bt\u00ed Rozvoj t\u011blesn\u00e9 zdatnosti, prevence d\u011btsk\u00e9 obezity Nadstandardn\u00ed aktivity <a class=\"more-link\" href=\"https:\/\/www.fzsbarr.cz\/msz\/o-nas\/spravni-zamestnanci\/\">read more<\/a><\/p>","protected":false},"author":3,"featured_media":0,"parent":8,"menu_order":0,"comment_status":"closed","ping_status":"open","template":"","meta":{"ngg_post_thumbnail":0,"footnotes":""},"class_list":["post-195","page","type-page","status-publish","hentry"],"_links":{"self":[{"href":"https:\/\/www.fzsbarr.cz\/msz\/wp-json\/wp\/v2\/pages\/195","targetHints":{"allow":["GET"]}}],"collection":[{"href":"https:\/\/www.fzsbarr.cz\/msz\/wp-json\/wp\/v2\/pages"}],"about":[{"href":"https:\/\/www.fzsbarr.cz\/msz\/wp-json\/wp\/v2\/types\/page"}],"author":[{"embeddable":true,"href":"https:\/\/www.fzsbarr.cz\/msz\/wp-json\/wp\/v2\/users\/3"}],"replies":[{"embeddable":true,"href":"https:\/\/www.fzsbarr.cz\/msz\/wp-json\/wp\/v2\/comments?post=195"}],"version-history":[{"count":20,"href":"https:\/\/www.fzsbarr.cz\/msz\/wp-json\/wp\/v2\/pages\/195\/revisions"}],"predecessor-version":[{"id":477,"href":"https:\/\/www.fzsbarr.cz\/msz\/wp-json\/wp\/v2\/pages\/195\/revisions\/477"}],"up":[{"embeddable":true,"href":"https:\/\/www.fzsbarr.cz\/msz\/wp-json\/wp\/v2\/pages\/8"}],"wp:attachment":[{"href":"https:\/\/www.fzsbarr.cz\/msz\/wp-json\/wp\/v2\/media?parent=195"}],"curies":[{"name":"wp","href":"https:\/\/api.w.org\/{rel}","templated":true}]}}