{"id":1259,"date":"2015-12-04T12:14:26","date_gmt":"2015-12-04T11:14:26","guid":{"rendered":"http:\/\/www.fzsbarr.cz\/msz\/?page_id=1259"},"modified":"2025-09-01T12:28:07","modified_gmt":"2025-09-01T11:28:07","slug":"den","status":"publish","type":"page","link":"https:\/\/www.fzsbarr.cz\/msz\/den\/","title":{"rendered":"Dokumenty M\u0160"},"content":{"rendered":"<p><a href=\"https:\/\/www.fzsbarr.cz\/msz\/wp-content\/uploads\/skolni-rad-Zahorskeho-na-web.pdf\">\u0160koln\u00ed \u0159\u00e1d M\u0160 Z\u00e1horsk\u00e9ho 2025\/26<\/a><\/p>\n<p><a href=\"https:\/\/www.fzsbarr.cz\/msz\/wp-content\/uploads\/25_Provozni-rad-skolni-zahrady.pdf\">25_Provozn\u00ed \u0159\u00e1d \u0161koln\u00ed zahrady<\/a><\/p>\n<p><a href=\"https:\/\/www.fzsbarr.cz\/msz\/wp-content\/uploads\/24_SVP-2024_2025.pdf\">\u0160koln\u00ed vzd\u011bl\u00e1vac\u00ed program 25<\/a><\/p>\n<p><a href=\"https:\/\/www.fzsbarr.cz\/msz\/wp-content\/uploads\/Uvoln\u011bn\u00ed-d\u00edt\u011bte-z-doch\u00e1zky-do-M\u0160.pdf\">Uvoln\u011bn\u00ed d\u00edt\u011bte z doch\u00e1zky do M\u0160<\/a><\/p>\n","protected":false},"excerpt":{"rendered":"<p>\u0160koln\u00ed \u0159\u00e1d M\u0160 Z\u00e1horsk\u00e9ho 2025\/26 25_Provozn\u00ed \u0159\u00e1d \u0161koln\u00ed zahrady \u0160koln\u00ed vzd\u011bl\u00e1vac\u00ed program 25 Uvoln\u011bn\u00ed d\u00edt\u011bte z doch\u00e1zky do M\u0160 <a class=\"more-link\" href=\"https:\/\/www.fzsbarr.cz\/msz\/den\/\">read more<\/a><\/p>","protected":false},"author":3,"featured_media":0,"parent":0,"menu_order":0,"comment_status":"closed","ping_status":"closed","template":"","meta":{"ngg_post_thumbnail":0,"footnotes":""},"class_list":["post-1259","page","type-page","status-publish","hentry"],"_links":{"self":[{"href":"https:\/\/www.fzsbarr.cz\/msz\/wp-json\/wp\/v2\/pages\/1259","targetHints":{"allow":["GET"]}}],"collection":[{"href":"https:\/\/www.fzsbarr.cz\/msz\/wp-json\/wp\/v2\/pages"}],"about":[{"href":"https:\/\/www.fzsbarr.cz\/msz\/wp-json\/wp\/v2\/types\/page"}],"author":[{"embeddable":true,"href":"https:\/\/www.fzsbarr.cz\/msz\/wp-json\/wp\/v2\/users\/3"}],"replies":[{"embeddable":true,"href":"https:\/\/www.fzsbarr.cz\/msz\/wp-json\/wp\/v2\/comments?post=1259"}],"version-history":[{"count":36,"href":"https:\/\/www.fzsbarr.cz\/msz\/wp-json\/wp\/v2\/pages\/1259\/revisions"}],"predecessor-version":[{"id":21997,"href":"https:\/\/www.fzsbarr.cz\/msz\/wp-json\/wp\/v2\/pages\/1259\/revisions\/21997"}],"wp:attachment":[{"href":"https:\/\/www.fzsbarr.cz\/msz\/wp-json\/wp\/v2\/media?parent=1259"}],"curies":[{"name":"wp","href":"https:\/\/api.w.org\/{rel}","templated":true}]}}