{"id":104,"date":"2015-08-20T20:01:50","date_gmt":"2015-08-20T19:01:50","guid":{"rendered":"http:\/\/barrandov.sunnet.cz\/msz\/?page_id=104"},"modified":"2018-08-30T13:36:15","modified_gmt":"2018-08-30T12:36:15","slug":"prijimani-deti-do-ms","status":"publish","type":"page","link":"https:\/\/www.fzsbarr.cz\/msz\/pro-rodice\/materska-skola\/prijimani-deti-do-ms\/","title":{"rendered":"P\u0159ij\u00edm\u00e1n\u00ed d\u011bt\u00ed do M\u0160"},"content":{"rendered":"<p>Do mate\u0159sk\u00e9 \u0161koly jsou p\u0159ij\u00edm\u00e1ny d\u011bti zpravidla ve&nbsp;v\u011bku od&nbsp;3&nbsp;do&nbsp;6&nbsp;let a&nbsp;d\u011bti s&nbsp;odkladem \u0161koln\u00ed doch\u00e1zky dle&nbsp;vyhl\u00e1\u0161ky M\u0160MT v&nbsp;platn\u00e9m zn\u011bn\u00ed. Krit\u00e9ria p\u0159ij\u00edm\u00e1n\u00ed d\u011bt\u00ed a&nbsp;term\u00edn z\u00e1pisu do&nbsp;M\u0160 stanovuje veden\u00ed \u0161koly spolu se&nbsp;z\u0159izovatelem.<\/p>\n<p>Rodi\u010de jsou o&nbsp;z\u00e1pisu do&nbsp;mate\u0159sk\u00e9 \u0161koly informov\u00e1ni v&nbsp;tisku, Pra\u017esk\u00e9 p\u011btce, pouta\u010di p\u0159\u00edmo na&nbsp;budov\u011b \u0161koly a&nbsp;na&nbsp;webov\u00fdch str\u00e1nk\u00e1ch \u0161koly .<\/p>\n<p>V&nbsp;p\u0159\u00edpad\u011b voln\u00e9 kapacity jsou p\u0159ij\u00edm\u00e1ny d\u011bti i&nbsp;v&nbsp;pr\u016fb\u011bhu \u0161koln\u00edho roku.<\/p>\n","protected":false},"excerpt":{"rendered":"<p>Do mate\u0159sk\u00e9 \u0161koly jsou p\u0159ij\u00edm\u00e1ny d\u011bti zpravidla ve&nbsp;v\u011bku od&nbsp;3&nbsp;do&nbsp;6&nbsp;let a&nbsp;d\u011bti s&nbsp;odkladem \u0161koln\u00ed doch\u00e1zky dle&nbsp;vyhl\u00e1\u0161ky M\u0160MT v&nbsp;platn\u00e9m zn\u011bn\u00ed. Krit\u00e9ria p\u0159ij\u00edm\u00e1n\u00ed d\u011bt\u00ed a&nbsp;term\u00edn z\u00e1pisu do&nbsp;M\u0160 stanovuje veden\u00ed \u0161koly spolu se&nbsp;z\u0159izovatelem. Rodi\u010de jsou o&nbsp;z\u00e1pisu do&nbsp;mate\u0159sk\u00e9 \u0161koly informov\u00e1ni v&nbsp;tisku, Pra\u017esk\u00e9 p\u011btce, pouta\u010di p\u0159\u00edmo na&nbsp;budov\u011b &hellip; <a class=\"more-link\" href=\"https:\/\/www.fzsbarr.cz\/msz\/pro-rodice\/materska-skola\/prijimani-deti-do-ms\/\">read more<\/a><\/p>","protected":false},"author":3,"featured_media":0,"parent":222,"menu_order":0,"comment_status":"closed","ping_status":"closed","template":"","meta":{"ngg_post_thumbnail":0,"footnotes":""},"class_list":["post-104","page","type-page","status-publish","hentry"],"_links":{"self":[{"href":"https:\/\/www.fzsbarr.cz\/msz\/wp-json\/wp\/v2\/pages\/104","targetHints":{"allow":["GET"]}}],"collection":[{"href":"https:\/\/www.fzsbarr.cz\/msz\/wp-json\/wp\/v2\/pages"}],"about":[{"href":"https:\/\/www.fzsbarr.cz\/msz\/wp-json\/wp\/v2\/types\/page"}],"author":[{"embeddable":true,"href":"https:\/\/www.fzsbarr.cz\/msz\/wp-json\/wp\/v2\/users\/3"}],"replies":[{"embeddable":true,"href":"https:\/\/www.fzsbarr.cz\/msz\/wp-json\/wp\/v2\/comments?post=104"}],"version-history":[{"count":12,"href":"https:\/\/www.fzsbarr.cz\/msz\/wp-json\/wp\/v2\/pages\/104\/revisions"}],"predecessor-version":[{"id":8238,"href":"https:\/\/www.fzsbarr.cz\/msz\/wp-json\/wp\/v2\/pages\/104\/revisions\/8238"}],"up":[{"embeddable":true,"href":"https:\/\/www.fzsbarr.cz\/msz\/wp-json\/wp\/v2\/pages\/222"}],"wp:attachment":[{"href":"https:\/\/www.fzsbarr.cz\/msz\/wp-json\/wp\/v2\/media?parent=104"}],"curies":[{"name":"wp","href":"https:\/\/api.w.org\/{rel}","templated":true}]}}