{"id":92,"date":"2015-08-20T16:31:39","date_gmt":"2015-08-20T16:31:39","guid":{"rendered":"http:\/\/barrandov.sunnet.cz\/msp\/?page_id=92"},"modified":"2026-04-01T14:37:19","modified_gmt":"2026-04-01T14:37:19","slug":"unie-rodicu","status":"publish","type":"page","link":"https:\/\/www.fzsbarr.cz\/msp\/unie-rodicu\/","title":{"rendered":"Spolek rodi\u010d\u016f"},"content":{"rendered":"<p>Dobrovoln\u00e9 sdru\u017een\u00ed rodi\u010d\u016f a dal\u0161\u00edch z\u00e1konn\u00fdch z\u00e1stupc\u016f d\u011bt\u00ed, kte\u0159\u00ed&nbsp;se&nbsp;zaj\u00edmaj\u00ed o&nbsp;jejich v\u00fdchovu a&nbsp;v\u00fduku.<\/p>\n<p>\u010cinnost:<\/p>\n<ul>\n<li>Spolupr\u00e1ce s veden\u00edm M\u0160.<\/li>\n<li>Spolupr\u00e1ce s jin\u00fdmi sdru\u017een\u00edmi&nbsp;obdobn\u00e9ho&nbsp;zam\u011b\u0159en\u00ed.<\/li>\n<li>Aktivity sm\u011b\u0159uj\u00edc\u00ed k z\u00edsk\u00e1v\u00e1n\u00ed finan\u010dn\u00edch prost\u0159edk\u016f.<\/li>\n<li>Pomoc p\u0159i provozu M\u0160.<\/li>\n<\/ul>\n<p><strong>P\u0159\u00edsp\u011bvek do Spolku rodi\u010d\u016f je 1800 K\u010d na jeden \u0161koln\u00ed rok.<\/strong><\/p>\n<p><strong>Bankovn\u00ed \u00fa\u010det&nbsp;Spolku rodi\u010d\u016f &#8211; <b>\u010d.\u00fa.: 2101318124\/2010(do pozn\u00e1mky napsat jm\u00e9no d\u00edt\u011bte a t\u0159\u00eddu).<\/b><br \/>\n<\/strong><\/p>\n<p>Platit m\u016f\u017eete pomoc\u00ed QR k\u00f3du na \u00fa\u010det spolku nebo v hotovosti ve t\u0159\u00edd\u011b.<\/p>\n<p>P\u0159\u00edsp\u011bvek v\u00fdrazn\u011b zpest\u0159\u00ed program d\u011bt\u00ed v&nbsp;M\u0160 (kulturn\u00ed a sportovn\u00ed akce, v\u00fdlety, bes\u00eddky apod.).<\/p>\n<p>&nbsp;<\/p>\n<p>Za&nbsp;jeho poskytnut\u00ed p\u0159edem d\u011bkujeme.<\/p>\n<p>Stanovy spolku &#8211; <a href=\"http:\/\/www.fzsbarr.cz\/msp\/wp-content\/uploads\/STANOVY-SPOLKU.pdf\">zde.<\/a><\/p>\n","protected":false},"excerpt":{"rendered":"<p>Dobrovoln\u00e9 sdru\u017een\u00ed rodi\u010d\u016f a dal\u0161\u00edch z\u00e1konn\u00fdch z\u00e1stupc\u016f d\u011bt\u00ed, kte\u0159\u00ed&nbsp;se&nbsp;zaj\u00edmaj\u00ed o&nbsp;jejich v\u00fdchovu a&nbsp;v\u00fduku. \u010cinnost: Spolupr\u00e1ce s veden\u00edm M\u0160. Spolupr\u00e1ce s jin\u00fdmi sdru\u017een\u00edmi&nbsp;obdobn\u00e9ho&nbsp;zam\u011b\u0159en\u00ed. Aktivity sm\u011b\u0159uj\u00edc\u00ed k z\u00edsk\u00e1v\u00e1n\u00ed finan\u010dn\u00edch prost\u0159edk\u016f. Pomoc p\u0159i provozu M\u0160. P\u0159\u00edsp\u011bvek do Spolku rodi\u010d\u016f je 1800 K\u010d na jeden &hellip; <a class=\"more-link\" href=\"https:\/\/www.fzsbarr.cz\/msp\/unie-rodicu\/\">read more<\/a><\/p>","protected":false},"author":3,"featured_media":0,"parent":0,"menu_order":0,"comment_status":"closed","ping_status":"closed","template":"","meta":{"ngg_post_thumbnail":0,"footnotes":""},"class_list":["post-92","page","type-page","status-publish","hentry"],"_links":{"self":[{"href":"https:\/\/www.fzsbarr.cz\/msp\/wp-json\/wp\/v2\/pages\/92","targetHints":{"allow":["GET"]}}],"collection":[{"href":"https:\/\/www.fzsbarr.cz\/msp\/wp-json\/wp\/v2\/pages"}],"about":[{"href":"https:\/\/www.fzsbarr.cz\/msp\/wp-json\/wp\/v2\/types\/page"}],"author":[{"embeddable":true,"href":"https:\/\/www.fzsbarr.cz\/msp\/wp-json\/wp\/v2\/users\/3"}],"replies":[{"embeddable":true,"href":"https:\/\/www.fzsbarr.cz\/msp\/wp-json\/wp\/v2\/comments?post=92"}],"version-history":[{"count":14,"href":"https:\/\/www.fzsbarr.cz\/msp\/wp-json\/wp\/v2\/pages\/92\/revisions"}],"predecessor-version":[{"id":19706,"href":"https:\/\/www.fzsbarr.cz\/msp\/wp-json\/wp\/v2\/pages\/92\/revisions\/19706"}],"wp:attachment":[{"href":"https:\/\/www.fzsbarr.cz\/msp\/wp-json\/wp\/v2\/media?parent=92"}],"curies":[{"name":"wp","href":"https:\/\/api.w.org\/{rel}","templated":true}]}}