{"id":84,"date":"2015-08-20T16:21:00","date_gmt":"2015-08-20T16:21:00","guid":{"rendered":"http:\/\/barrandov.sunnet.cz\/msp\/?page_id=84"},"modified":"2025-09-24T17:05:36","modified_gmt":"2025-09-24T17:05:36","slug":"stravne","status":"publish","type":"page","link":"https:\/\/www.fzsbarr.cz\/msp\/pro-rodice\/stravne\/","title":{"rendered":"Stravn\u00e9"},"content":{"rendered":"<ul>\n<li><span style=\"font-size: 14pt;\">M\u0160 cel\u00fd den do 6 let <strong>50&nbsp;K\u010d<\/strong><\/span><\/li>\n<li><span style=\"font-size: 14pt;\">M\u0160 cel\u00fd den nad 6 let&nbsp;<strong> 52&nbsp; K\u010d<\/strong><\/span><\/li>\n<li><span style=\"font-size: 14pt;\">variabiln\u00ed symbol (p\u0159id\u011blen \u0160J, z\u016fst\u00e1v\u00e1 stejn\u00fd po celou dobu doch\u00e1zky do&nbsp;M\u0160)<\/span><\/li>\n<li><span style=\"font-size: 14pt;\">specifick\u00fd symbol:&nbsp;<strong>919<\/strong><\/span><\/li>\n<li><span style=\"font-size: 14pt;\">\u010d\u00e1stka &#8211; o aktu\u00e1ln\u00ed budete informov\u00e1ni l\u00edste\u010dkem v\u017edy na&nbsp;po\u010d\u00e1tku m\u011bs\u00edce<\/span><\/li>\n<\/ul>\n<p><span style=\"font-size: 14pt;\">\u010c\u00edslo \u00fa\u010dtu pro \u00fahradu stravn\u00e9ho a \u0161koln\u00e9ho: <strong>27-3488670297\/0100<\/strong><\/span><\/p>\n<p><span style=\"font-size: 14pt;\">Podrobn\u00e9 informace ke stravov\u00e1n\u00ed<a href=\"http:\/\/www.fzsbarr.cz\/jid\/cenik-obedu\/\" target=\"_blank\" rel=\"noopener noreferrer\"> zde<\/a>.<\/span><\/p>\n","protected":false},"excerpt":{"rendered":"<p>M\u0160 cel\u00fd den do 6 let 50&nbsp;K\u010d M\u0160 cel\u00fd den nad 6 let&nbsp; 52&nbsp; K\u010d variabiln\u00ed symbol (p\u0159id\u011blen \u0160J, z\u016fst\u00e1v\u00e1 stejn\u00fd po celou dobu doch\u00e1zky do&nbsp;M\u0160) specifick\u00fd symbol:&nbsp;919 \u010d\u00e1stka &#8211; o aktu\u00e1ln\u00ed budete informov\u00e1ni l\u00edste\u010dkem v\u017edy na&nbsp;po\u010d\u00e1tku m\u011bs\u00edce \u010c\u00edslo \u00fa\u010dtu &hellip; <a class=\"more-link\" href=\"https:\/\/www.fzsbarr.cz\/msp\/pro-rodice\/stravne\/\">read more<\/a><\/p>","protected":false},"author":3,"featured_media":0,"parent":9,"menu_order":0,"comment_status":"closed","ping_status":"closed","template":"","meta":{"ngg_post_thumbnail":0,"footnotes":""},"class_list":["post-84","page","type-page","status-publish","hentry"],"_links":{"self":[{"href":"https:\/\/www.fzsbarr.cz\/msp\/wp-json\/wp\/v2\/pages\/84","targetHints":{"allow":["GET"]}}],"collection":[{"href":"https:\/\/www.fzsbarr.cz\/msp\/wp-json\/wp\/v2\/pages"}],"about":[{"href":"https:\/\/www.fzsbarr.cz\/msp\/wp-json\/wp\/v2\/types\/page"}],"author":[{"embeddable":true,"href":"https:\/\/www.fzsbarr.cz\/msp\/wp-json\/wp\/v2\/users\/3"}],"replies":[{"embeddable":true,"href":"https:\/\/www.fzsbarr.cz\/msp\/wp-json\/wp\/v2\/comments?post=84"}],"version-history":[{"count":11,"href":"https:\/\/www.fzsbarr.cz\/msp\/wp-json\/wp\/v2\/pages\/84\/revisions"}],"predecessor-version":[{"id":18866,"href":"https:\/\/www.fzsbarr.cz\/msp\/wp-json\/wp\/v2\/pages\/84\/revisions\/18866"}],"up":[{"embeddable":true,"href":"https:\/\/www.fzsbarr.cz\/msp\/wp-json\/wp\/v2\/pages\/9"}],"wp:attachment":[{"href":"https:\/\/www.fzsbarr.cz\/msp\/wp-json\/wp\/v2\/media?parent=84"}],"curies":[{"name":"wp","href":"https:\/\/api.w.org\/{rel}","templated":true}]}}