{"id":82,"date":"2015-08-20T16:19:10","date_gmt":"2015-08-20T16:19:10","guid":{"rendered":"http:\/\/barrandov.sunnet.cz\/msp\/?page_id=82"},"modified":"2025-09-24T17:06:00","modified_gmt":"2025-09-24T17:06:00","slug":"skolne","status":"publish","type":"page","link":"https:\/\/www.fzsbarr.cz\/msp\/pro-rodice\/skolne\/","title":{"rendered":"\u0160koln\u00e9"},"content":{"rendered":"<ul>\n<li><span style=\"font-size: 14pt;\">Vzd\u011bl\u00e1v\u00e1n\u00ed v posledn\u00edm ro\u010dn\u00edku M\u0160&nbsp;je zdarma<\/span><\/li>\n<li><span style=\"font-size: 14pt;\">Ostatn\u00ed d\u011bti (3 a\u017e 6 let a odklad \u0161koln\u00ed doch\u00e1zky) plat\u00ed \u0161koln\u00e9 <strong>1300&nbsp;K\u010d<\/strong><\/span><\/li>\n<li><span style=\"font-size: 14pt;\">Specifick\u00fd symbol:&nbsp;<strong>7777<\/strong><\/span><\/li>\n<\/ul>\n","protected":false},"excerpt":{"rendered":"<p>Vzd\u011bl\u00e1v\u00e1n\u00ed v posledn\u00edm ro\u010dn\u00edku M\u0160&nbsp;je zdarma Ostatn\u00ed d\u011bti (3 a\u017e 6 let a odklad \u0161koln\u00ed doch\u00e1zky) plat\u00ed \u0161koln\u00e9 1300&nbsp;K\u010d Specifick\u00fd symbol:&nbsp;7777 <a class=\"more-link\" href=\"https:\/\/www.fzsbarr.cz\/msp\/pro-rodice\/skolne\/\">read more<\/a><\/p>","protected":false},"author":3,"featured_media":0,"parent":9,"menu_order":0,"comment_status":"closed","ping_status":"closed","template":"","meta":{"ngg_post_thumbnail":0,"footnotes":""},"class_list":["post-82","page","type-page","status-publish","hentry"],"_links":{"self":[{"href":"https:\/\/www.fzsbarr.cz\/msp\/wp-json\/wp\/v2\/pages\/82","targetHints":{"allow":["GET"]}}],"collection":[{"href":"https:\/\/www.fzsbarr.cz\/msp\/wp-json\/wp\/v2\/pages"}],"about":[{"href":"https:\/\/www.fzsbarr.cz\/msp\/wp-json\/wp\/v2\/types\/page"}],"author":[{"embeddable":true,"href":"https:\/\/www.fzsbarr.cz\/msp\/wp-json\/wp\/v2\/users\/3"}],"replies":[{"embeddable":true,"href":"https:\/\/www.fzsbarr.cz\/msp\/wp-json\/wp\/v2\/comments?post=82"}],"version-history":[{"count":9,"href":"https:\/\/www.fzsbarr.cz\/msp\/wp-json\/wp\/v2\/pages\/82\/revisions"}],"predecessor-version":[{"id":18867,"href":"https:\/\/www.fzsbarr.cz\/msp\/wp-json\/wp\/v2\/pages\/82\/revisions\/18867"}],"up":[{"embeddable":true,"href":"https:\/\/www.fzsbarr.cz\/msp\/wp-json\/wp\/v2\/pages\/9"}],"wp:attachment":[{"href":"https:\/\/www.fzsbarr.cz\/msp\/wp-json\/wp\/v2\/media?parent=82"}],"curies":[{"name":"wp","href":"https:\/\/api.w.org\/{rel}","templated":true}]}}