{"id":3626,"date":"2017-01-04T19:27:25","date_gmt":"2017-01-04T19:27:25","guid":{"rendered":"http:\/\/www.fzsbarr.cz\/msp\/?page_id=3626"},"modified":"2026-04-07T23:23:14","modified_gmt":"2026-04-07T23:23:14","slug":"dokumenty-ms","status":"publish","type":"page","link":"https:\/\/www.fzsbarr.cz\/msp\/dokumenty-ms\/","title":{"rendered":"Dokumenty M\u0160"},"content":{"rendered":"<p>Cel\u00fd \u0161koln\u00ed \u0159\u00e1dnaleznete v jednotliv\u00fdch \u0161atn\u00e1ch.<\/p>\n<p>&nbsp;<\/p>\n","protected":false},"excerpt":{"rendered":"<p>Cel\u00fd \u0161koln\u00ed \u0159\u00e1dnaleznete v jednotliv\u00fdch \u0161atn\u00e1ch. &nbsp; <a class=\"more-link\" href=\"https:\/\/www.fzsbarr.cz\/msp\/dokumenty-ms\/\">read more<\/a><\/p>","protected":false},"author":3,"featured_media":0,"parent":0,"menu_order":0,"comment_status":"closed","ping_status":"closed","template":"","meta":{"ngg_post_thumbnail":0,"footnotes":""},"class_list":["post-3626","page","type-page","status-publish","hentry"],"_links":{"self":[{"href":"https:\/\/www.fzsbarr.cz\/msp\/wp-json\/wp\/v2\/pages\/3626","targetHints":{"allow":["GET"]}}],"collection":[{"href":"https:\/\/www.fzsbarr.cz\/msp\/wp-json\/wp\/v2\/pages"}],"about":[{"href":"https:\/\/www.fzsbarr.cz\/msp\/wp-json\/wp\/v2\/types\/page"}],"author":[{"embeddable":true,"href":"https:\/\/www.fzsbarr.cz\/msp\/wp-json\/wp\/v2\/users\/3"}],"replies":[{"embeddable":true,"href":"https:\/\/www.fzsbarr.cz\/msp\/wp-json\/wp\/v2\/comments?post=3626"}],"version-history":[{"count":29,"href":"https:\/\/www.fzsbarr.cz\/msp\/wp-json\/wp\/v2\/pages\/3626\/revisions"}],"predecessor-version":[{"id":19733,"href":"https:\/\/www.fzsbarr.cz\/msp\/wp-json\/wp\/v2\/pages\/3626\/revisions\/19733"}],"wp:attachment":[{"href":"https:\/\/www.fzsbarr.cz\/msp\/wp-json\/wp\/v2\/media?parent=3626"}],"curies":[{"name":"wp","href":"https:\/\/api.w.org\/{rel}","templated":true}]}}