{"id":47,"date":"2015-08-05T23:49:01","date_gmt":"2015-08-05T22:49:01","guid":{"rendered":"http:\/\/barrandov.sunnet.cz\/jid\/?page_id=47"},"modified":"2020-08-27T09:47:19","modified_gmt":"2020-08-27T08:47:19","slug":"kontakty","status":"publish","type":"page","link":"https:\/\/www.fzsbarr.cz\/jid\/kontakty\/","title":{"rendered":"Kontakty"},"content":{"rendered":"<h4><span style=\"color: #ff6600;\"><strong>Kontaktn\u00ed osoby pro \u0161koln\u00ed j\u00eddelnu<\/strong><\/span><\/h4>\n<table style=\"height: 125px; width: 99.7908%;\" width=\"652\">\n<tbody>\n<tr>\n<td style=\"border-color: #86bfdb; width: 26.8817%; text-align: left;\" width=\"149\"><span style=\"font-size: 14pt;\"><strong>funkce<\/strong><\/span><\/td>\n<td style=\"border-color: #86bfdb; width: 26.8817%; text-align: left;\" width=\"186\"><span style=\"font-size: 14pt;\"><strong>jm\u00e9no<\/strong><\/span><\/td>\n<td style=\"border-color: #86bfdb; width: 18.126%; text-align: left;\" width=\"88\"><span style=\"font-size: 14pt;\"><strong>telefon<\/strong><\/span><\/td>\n<td style=\"border-color: #86bfdb; width: 111.521%; text-align: left;\" width=\"196\"><span style=\"font-size: 14pt;\"><strong>e-mail<\/strong><\/span><\/td>\n<\/tr>\n<tr>\n<td style=\"border-color: #86bfdb; width: 26.8817%; text-align: left;\" width=\"149\"><span style=\"font-size: 14pt;\">Vedouc\u00ed \u0161koln\u00ed j\u00eddelny<\/span><\/td>\n<td style=\"border-color: #86bfdb; width: 26.8817%; text-align: left;\" width=\"186\"><span style=\"font-size: 14pt;\"><strong>Lenka Uksov\u00e1<\/strong><\/span><\/td>\n<td style=\"text-align: left; width: 18.126%;\" width=\"88\"><span style=\"font-size: 14pt;\">251&nbsp;113&nbsp;529<br \/>\n725 547 388<\/span><\/td>\n<td style=\"border-color: #86bfdb; width: 111.521%; text-align: left;\" width=\"196\"><span style=\"font-size: 14pt;\"><a href=\"mailto:lenka.uksova@fzsbarr.cz\">lenka.uksova@fzsbarr.cz<\/a><\/span><\/td>\n<\/tr>\n<tr>\n<td style=\"border-color: #86bfdb; width: 26.8817%; text-align: left;\" width=\"149\"><span style=\"font-size: 14pt;\">Hospod\u00e1\u0159ka \u0161koln\u00ed j\u00eddelny<\/span><\/td>\n<td style=\"border-color: #86bfdb; width: 26.8817%; text-align: left;\" width=\"186\"><span style=\"font-size: 14pt;\"><strong>Jaroslava Brunnerov\u00e1<\/strong><\/span><\/td>\n<td style=\"text-align: left; width: 18.126%;\" width=\"88\"><span style=\"font-size: 14pt;\">251 113 529<\/span><\/td>\n<td style=\"border-color: #86bfdb; width: 111.521%; text-align: left;\" width=\"196\">&nbsp;<\/td>\n<\/tr>\n<\/tbody>\n<\/table>\n<h4><span style=\"color: #ff6600;\"><strong>Odhla\u0161ov\u00e1n\u00ed ob\u011bd\u016f<\/strong><\/span><\/h4>\n<ul>\n<li><span style=\"font-size: 14pt;\">osobn\u011b: \u010dipem (do 14:00 hodin)<\/span><\/li>\n<li><span style=\"font-size: 14pt;\">telefon: 251 113 529<\/span><\/li>\n<li><span style=\"font-size: 14pt;\">e-mail:&nbsp;<a href=\"mailto:sj.odhlasky@fzsbarr.cz\" target=\"_blank\" rel=\"noopener noreferrer\">sj.odhlasky@fzsbarr.cz<\/a><\/span><\/li>\n<li><span style=\"font-size: 14pt;\">online:&nbsp;<a href=\"http:\/\/www.e-jidelnicek.eu\/\" target=\"_blank\" rel=\"noopener noreferrer\">www.e-jidelnicek.eu<\/a><\/span><\/li>\n<\/ul>\n<p><span style=\"font-size: 14pt;\"><strong>Nejpozd\u011bji do 8:00 hodin lze odhl\u00e1sit ob\u011bd aktu\u00e1ln\u00edho dne (pouze telefonicky).<\/strong><\/span><\/p>\n<p><span style=\"color: #ff6600; font-size: 14pt;\"><strong>Za v\u010das neodhl\u00e1\u0161en\u00fd ob\u011bd se n\u00e1hrada neposkytuje.<\/strong><\/span><\/p>\n","protected":false},"excerpt":{"rendered":"<p>Kontaktn\u00ed osoby pro \u0161koln\u00ed j\u00eddelnu funkce jm\u00e9no telefon e-mail Vedouc\u00ed \u0161koln\u00ed j\u00eddelny Lenka Uksov\u00e1 251&nbsp;113&nbsp;529 725 547 388 lenka.uksova@fzsbarr.cz Hospod\u00e1\u0159ka \u0161koln\u00ed j\u00eddelny Jaroslava Brunnerov\u00e1 251 113 529 &nbsp; Odhla\u0161ov\u00e1n\u00ed ob\u011bd\u016f osobn\u011b: \u010dipem (do 14:00 hodin) telefon: 251 113 529 e-mail:&nbsp;sj.odhlasky@fzsbarr.cz &hellip; <a class=\"more-link\" href=\"https:\/\/www.fzsbarr.cz\/jid\/kontakty\/\">read more<\/a><\/p>","protected":false},"author":2,"featured_media":0,"parent":0,"menu_order":0,"comment_status":"closed","ping_status":"closed","template":"","meta":{"ngg_post_thumbnail":0,"footnotes":""},"class_list":["post-47","page","type-page","status-publish","hentry"],"_links":{"self":[{"href":"https:\/\/www.fzsbarr.cz\/jid\/wp-json\/wp\/v2\/pages\/47","targetHints":{"allow":["GET"]}}],"collection":[{"href":"https:\/\/www.fzsbarr.cz\/jid\/wp-json\/wp\/v2\/pages"}],"about":[{"href":"https:\/\/www.fzsbarr.cz\/jid\/wp-json\/wp\/v2\/types\/page"}],"author":[{"embeddable":true,"href":"https:\/\/www.fzsbarr.cz\/jid\/wp-json\/wp\/v2\/users\/2"}],"replies":[{"embeddable":true,"href":"https:\/\/www.fzsbarr.cz\/jid\/wp-json\/wp\/v2\/comments?post=47"}],"version-history":[{"count":11,"href":"https:\/\/www.fzsbarr.cz\/jid\/wp-json\/wp\/v2\/pages\/47\/revisions"}],"predecessor-version":[{"id":499,"href":"https:\/\/www.fzsbarr.cz\/jid\/wp-json\/wp\/v2\/pages\/47\/revisions\/499"}],"wp:attachment":[{"href":"https:\/\/www.fzsbarr.cz\/jid\/wp-json\/wp\/v2\/media?parent=47"}],"curies":[{"name":"wp","href":"https:\/\/api.w.org\/{rel}","templated":true}]}}