{"id":41,"date":"2015-08-05T23:44:33","date_gmt":"2015-08-05T22:44:33","guid":{"rendered":"http:\/\/barrandov.sunnet.cz\/jid\/?page_id=41"},"modified":"2020-08-17T22:39:24","modified_gmt":"2020-08-17T21:39:24","slug":"cenik-obedu","status":"publish","type":"page","link":"https:\/\/www.fzsbarr.cz\/jid\/cenik-obedu\/","title":{"rendered":"Cen\u00edk a platby"},"content":{"rendered":"<h4><span style=\"color: #ff6600;\"><strong>Zp\u016fsob platby stravn\u00e9ho<\/strong><\/span><\/h4>\n<ul>\n<li><span style=\"font-size: 14pt;\"><strong>inkasem z \u00fa\u010dtu<\/strong><\/span><\/li>\n<li><span style=\"font-size: 14pt;\">hotov\u011b nejpozd\u011bji do <strong>15 dne n\u00e1sleduj\u00edc\u00edho m\u011bs\u00edce<\/strong> v \u00fa\u0159edn\u00edch hodin\u00e1ch<\/span><\/li>\n<li><span style=\"font-size: 14pt;\">slo\u017eenkou, kterou je t\u0159eba uhradit <strong>v\u017edy neprodlen\u011b<\/strong> po&nbsp;jej\u00edm obdr\u017een\u00ed<\/span><\/li>\n<\/ul>\n<h4><span style=\"color: #ff6600;\"><strong>Platby stravn\u00e9ho<\/strong><\/span><\/h4>\n<ul>\n<li><span style=\"font-size: 14pt;\"><strong>\u00da\u010det pro placen\u00ed stravn\u00e9ho<\/strong> (trval\u00fd p\u0159\u00edkaz, jednor\u00e1zov\u00e1 platba, souhlas s&nbsp;inkasem)<\/span><\/li>\n<\/ul>\n<p style=\"text-align: center;\"><span style=\"color: #000000; font-size: 14pt;\"><strong>27-3488670297\/0100<\/strong><\/span><\/p>\n<ul>\n<li><span style=\"font-size: 14pt;\">p\u0159i trval\u00e9m p\u0159\u00edkazu a jednor\u00e1zov\u00e9 platb\u011b pou\u017e\u00edvejte specifick\u00fd symbol:&nbsp;<strong>919<\/strong><\/span><\/li>\n<\/ul>\n<h4><span style=\"color: #ff6600;\"><strong>Cen\u00edk stravn\u00e9ho<\/strong><\/span><\/h4>\n<table style=\"border-collapse: collapse; width: 99.7169%;\" border=\"1\">\n<tbody>\n<tr>\n<td style=\"width: 19.3256%;\"><span style=\"font-size: 14pt;\">M\u0160 cel\u00fd den<\/span><\/td>\n<td style=\"width: 18.8922%;\"><span style=\"font-size: 14pt;\">d\u011bti do 6 let<\/span><\/td>\n<td style=\"width: 61.9686%;\"><span style=\"font-size: 14pt;\">39 K\u010d (celodenn\u00ed stravov\u00e1n\u00ed v\u010detn\u011b pitn\u00e9ho re\u017eimu)<\/span><\/td>\n<\/tr>\n<tr>\n<td style=\"width: 19.3256%;\"><span style=\"font-size: 14pt;\">M\u0160 cel\u00fd den<\/span><\/td>\n<td style=\"width: 18.8922%;\"><span style=\"font-size: 14pt;\">d\u011bti nad 6 let<\/span><\/td>\n<td style=\"width: 61.9686%;\"><span style=\"font-size: 14pt;\">42 K\u010d (celodenn\u00ed stravov\u00e1n\u00ed v\u010detn\u011b pitn\u00e9ho re\u017eimu)<\/span><\/td>\n<\/tr>\n<tr>\n<td style=\"width: 19.3256%;\"><span style=\"font-size: 14pt;\">Z\u0160<\/span><\/td>\n<td style=\"width: 18.8922%;\"><span style=\"font-size: 14pt;\">d\u011bti do 6 let<\/span><\/td>\n<td style=\"width: 61.9686%;\"><span style=\"font-size: 14pt;\">23 K\u010d<\/span><\/td>\n<\/tr>\n<tr>\n<td style=\"width: 19.3256%;\"><span style=\"font-size: 14pt;\">Z\u0160 kategorie 1<\/span><\/td>\n<td style=\"width: 18.8922%;\"><span style=\"font-size: 14pt;\">d\u011bti 6 &#8211; 10 let<\/span><\/td>\n<td style=\"width: 61.9686%;\"><span style=\"font-size: 14pt;\">27 K\u010d<\/span><\/td>\n<\/tr>\n<tr>\n<td style=\"width: 19.3256%;\"><span style=\"font-size: 14pt;\">Z\u0160 kategorie 2<\/span><\/td>\n<td style=\"width: 18.8922%;\"><span style=\"font-size: 14pt;\">d\u011bti 11 &#8211; 14 let<\/span><\/td>\n<td style=\"width: 61.9686%;\"><span style=\"font-size: 14pt;\">29 K\u010d<\/span><\/td>\n<\/tr>\n<tr>\n<td style=\"width: 19.3256%;\"><span style=\"font-size: 14pt;\">Z\u0160 kategorie 3<\/span><\/td>\n<td style=\"width: 18.8922%;\"><span style=\"font-size: 14pt;\">d\u011bti 15 &#8211; 18 let<\/span><\/td>\n<td style=\"width: 61.9686%;\"><span style=\"font-size: 14pt;\">31 K\u010d<\/span><\/td>\n<\/tr>\n<tr>\n<td style=\"width: 19.3256%;\">&nbsp;<\/td>\n<td style=\"width: 18.8922%;\"><span style=\"font-size: 14pt;\">Ciz\u00ed str\u00e1vn\u00edci<\/span><\/td>\n<td style=\"width: 61.9686%;\"><span style=\"font-size: 14pt;\">71 K\u010d<\/span><\/td>\n<\/tr>\n<\/tbody>\n<\/table>\n<p><span style=\"font-size: 14pt;\">Do <strong>v\u011bkov\u00fdch skupin<\/strong> jsou str\u00e1vn\u00edci za\u0159azov\u00e1ni na&nbsp;dobu <strong>\u0161koln\u00edho roku<\/strong> (1. 9. \u2013 31. 8.), <strong>ve&nbsp;kter\u00e9m dosahuj\u00ed v\u011bku<\/strong> dle vyhl\u00e1\u0161ky \u010d. 107\/2005 Sb., o \u0161koln\u00edm stravov\u00e1n\u00ed, bod 1 &#8211; 4. Kategorie je ur\u010dena podle data narozen\u00ed str\u00e1vn\u00edka, neur\u010duje se ji\u017e podle t\u0159\u00edd.<\/span><\/p>\n<h4><span style=\"color: #ff6600;\"><strong>\u0160koln\u00ed j\u00eddelna d\u00e1le nab\u00edz\u00ed<\/strong><\/span><\/h4>\n<p><span style=\"font-size: 14pt;\"><strong>Ob\u011bdy pro v\u0161echny z\u00e1jemce o stravov\u00e1n\u00ed<\/strong><\/span><\/p>\n<p><span style=\"font-size: 14pt;\">V\u00fdb\u011br ze dvou a\u017e t\u0159\u00ed j\u00eddel, j\u00eddlo je&nbsp;slo\u017eeno z&nbsp;pol\u00e9vky, hlavn\u00edho j\u00eddla, n\u00e1poje, mou\u010dn\u00edku nebo&nbsp;sal\u00e1tu apod.<\/span><\/p>\n<ul>\n<li><span style=\"font-size: 14pt;\">Cena ob\u011bda je 71 K\u010d v\u010detn\u011b DPH<\/span><\/li>\n<li><span style=\"font-size: 14pt;\">V\u00fddej v\u017edy od 11:00 do&nbsp;11:30 hodin. Ob\u011bd je&nbsp;mo\u017eno konzumovat v&nbsp;j\u00eddeln\u011b nebo&nbsp;si&nbsp;jej&nbsp;odn\u00e9st v&nbsp;j\u00eddlonosi\u010di<\/span><\/li>\n<li><span style=\"font-size: 14pt;\">Platba hotov\u011b, p\u0159\u00edpadn\u011b dle dohody<\/span><\/li>\n<li><span style=\"font-size: 14pt;\">Informace na telefonu: <span id=\"skype_c2c_container\" class=\"skype_c2c_container notranslate\" dir=\"ltr\" tabindex=\"-1\" data-numbertocall=\"+420251113529\" data-numbertype=\"paid\" data-isfreecall=\"false\" data-isrtl=\"false\" data-ismobile=\"false\"><span class=\"skype_c2c_highlighting_inactive_common\" dir=\"ltr\"><span id=\"non_free_num_ui\" class=\"skype_c2c_textarea_span\"><strong><span class=\"skype_c2c_text_span\">251 113 529<\/span><\/strong><\/span><\/span><\/span><\/span><\/li>\n<\/ul>\n","protected":false},"excerpt":{"rendered":"<p>Zp\u016fsob platby stravn\u00e9ho inkasem z \u00fa\u010dtu hotov\u011b nejpozd\u011bji do 15 dne n\u00e1sleduj\u00edc\u00edho m\u011bs\u00edce v \u00fa\u0159edn\u00edch hodin\u00e1ch slo\u017eenkou, kterou je t\u0159eba uhradit v\u017edy neprodlen\u011b po&nbsp;jej\u00edm obdr\u017een\u00ed Platby stravn\u00e9ho \u00da\u010det pro placen\u00ed stravn\u00e9ho (trval\u00fd p\u0159\u00edkaz, jednor\u00e1zov\u00e1 platba, souhlas s&nbsp;inkasem) 27-3488670297\/0100 p\u0159i trval\u00e9m &hellip; <a class=\"more-link\" href=\"https:\/\/www.fzsbarr.cz\/jid\/cenik-obedu\/\">read more<\/a><\/p>","protected":false},"author":2,"featured_media":0,"parent":0,"menu_order":0,"comment_status":"closed","ping_status":"closed","template":"","meta":{"ngg_post_thumbnail":0,"footnotes":""},"class_list":["post-41","page","type-page","status-publish","hentry"],"_links":{"self":[{"href":"https:\/\/www.fzsbarr.cz\/jid\/wp-json\/wp\/v2\/pages\/41","targetHints":{"allow":["GET"]}}],"collection":[{"href":"https:\/\/www.fzsbarr.cz\/jid\/wp-json\/wp\/v2\/pages"}],"about":[{"href":"https:\/\/www.fzsbarr.cz\/jid\/wp-json\/wp\/v2\/types\/page"}],"author":[{"embeddable":true,"href":"https:\/\/www.fzsbarr.cz\/jid\/wp-json\/wp\/v2\/users\/2"}],"replies":[{"embeddable":true,"href":"https:\/\/www.fzsbarr.cz\/jid\/wp-json\/wp\/v2\/comments?post=41"}],"version-history":[{"count":42,"href":"https:\/\/www.fzsbarr.cz\/jid\/wp-json\/wp\/v2\/pages\/41\/revisions"}],"predecessor-version":[{"id":485,"href":"https:\/\/www.fzsbarr.cz\/jid\/wp-json\/wp\/v2\/pages\/41\/revisions\/485"}],"wp:attachment":[{"href":"https:\/\/www.fzsbarr.cz\/jid\/wp-json\/wp\/v2\/media?parent=41"}],"curies":[{"name":"wp","href":"https:\/\/api.w.org\/{rel}","templated":true}]}}