{"id":35,"date":"2015-08-05T23:35:05","date_gmt":"2015-08-05T22:35:05","guid":{"rendered":"http:\/\/barrandov.sunnet.cz\/jid\/?page_id=35"},"modified":"2020-08-27T09:49:59","modified_gmt":"2020-08-27T08:49:59","slug":"objednavani-obedu","status":"publish","type":"page","link":"https:\/\/www.fzsbarr.cz\/jid\/objednavani-obedu\/","title":{"rendered":"Objedn\u00e1v\u00e1n\u00ed. Jak na to?"},"content":{"rendered":"<p><span style=\"font-size: 14pt; color: #ff6600;\"><strong>Jak postupovat?<\/strong><\/span><\/p>\n<ul>\n<li><span style=\"font-size: 14pt;\">vyzvednu si u pan\u00ed hospod\u00e1\u0159ky p\u0159\u00edstupov\u00e9&nbsp;\u00fadaje<\/span><\/li>\n<li><span style=\"font-size: 14pt;\"><a href=\"http:\/\/www.e-jidelnicek.eu\/\" target=\"_blank\" rel=\"noopener noreferrer\">www.e-jidelnicek.eu<\/a>&nbsp;nebo p\u0159\u00edmo <a href=\"http:\/\/193.86.18.206:8080\/ejidelnicek\/\" target=\"_blank\" rel=\"noopener noreferrer\">zde<\/a><\/span><\/li>\n<li><span style=\"font-size: 14pt;\">zad\u00e1n\u00ed emailov\u00e9 adresy a hesla (pro zasl\u00e1n\u00ed potvrzovac\u00edho emailu o registraci)<\/span><\/li>\n<li><span style=\"font-size: 14pt;\">\u010d\u00edslo j\u00eddelny: 11139<\/span><\/li>\n<\/ul>\n<h4><span style=\"color: #ff6600;\"><strong>Objedn\u00e1vkov\u00fd PC Box ve \u0161koln\u00ed j\u00eddeln\u011b<\/strong><\/span><\/h4>\n<ul>\n<li><span style=\"font-size: 14pt;\">Objedn\u00e1vat j\u00eddlo je mo\u017en\u00e9 i&nbsp;na objedn\u00e1vkov\u00e9m PC Boxu ve \u0161koln\u00ed j\u00eddeln\u011b, ka\u017ed\u00fd den od&nbsp;11:00&nbsp;do&nbsp;14:00 hodin.<\/span><\/li>\n<\/ul>\n<p>&nbsp;<\/p>\n","protected":false},"excerpt":{"rendered":"<p>Jak postupovat? vyzvednu si u pan\u00ed hospod\u00e1\u0159ky p\u0159\u00edstupov\u00e9&nbsp;\u00fadaje www.e-jidelnicek.eu&nbsp;nebo p\u0159\u00edmo zde zad\u00e1n\u00ed emailov\u00e9 adresy a hesla (pro zasl\u00e1n\u00ed potvrzovac\u00edho emailu o registraci) \u010d\u00edslo j\u00eddelny: 11139 Objedn\u00e1vkov\u00fd PC Box ve \u0161koln\u00ed j\u00eddeln\u011b Objedn\u00e1vat j\u00eddlo je mo\u017en\u00e9 i&nbsp;na objedn\u00e1vkov\u00e9m PC Boxu ve &hellip; <a class=\"more-link\" href=\"https:\/\/www.fzsbarr.cz\/jid\/objednavani-obedu\/\">read more<\/a><\/p>","protected":false},"author":2,"featured_media":0,"parent":0,"menu_order":0,"comment_status":"closed","ping_status":"closed","template":"","meta":{"ngg_post_thumbnail":0,"footnotes":""},"class_list":["post-35","page","type-page","status-publish","hentry"],"_links":{"self":[{"href":"https:\/\/www.fzsbarr.cz\/jid\/wp-json\/wp\/v2\/pages\/35","targetHints":{"allow":["GET"]}}],"collection":[{"href":"https:\/\/www.fzsbarr.cz\/jid\/wp-json\/wp\/v2\/pages"}],"about":[{"href":"https:\/\/www.fzsbarr.cz\/jid\/wp-json\/wp\/v2\/types\/page"}],"author":[{"embeddable":true,"href":"https:\/\/www.fzsbarr.cz\/jid\/wp-json\/wp\/v2\/users\/2"}],"replies":[{"embeddable":true,"href":"https:\/\/www.fzsbarr.cz\/jid\/wp-json\/wp\/v2\/comments?post=35"}],"version-history":[{"count":21,"href":"https:\/\/www.fzsbarr.cz\/jid\/wp-json\/wp\/v2\/pages\/35\/revisions"}],"predecessor-version":[{"id":500,"href":"https:\/\/www.fzsbarr.cz\/jid\/wp-json\/wp\/v2\/pages\/35\/revisions\/500"}],"wp:attachment":[{"href":"https:\/\/www.fzsbarr.cz\/jid\/wp-json\/wp\/v2\/media?parent=35"}],"curies":[{"name":"wp","href":"https:\/\/api.w.org\/{rel}","templated":true}]}}