{"id":165,"date":"2015-09-17T22:47:08","date_gmt":"2015-09-17T21:47:08","guid":{"rendered":"http:\/\/barrandov.sunnet.cz\/jid\/?page_id=165"},"modified":"2020-08-27T09:43:04","modified_gmt":"2020-08-27T08:43:04","slug":"pel-mel","status":"publish","type":"page","link":"https:\/\/www.fzsbarr.cz\/jid\/pel-mel\/","title":{"rendered":"Identifikace str\u00e1vn\u00edka"},"content":{"rendered":"<ul>\n<li><span style=\"font-size: 14pt;\">Ka\u017ed\u00e9mu str\u00e1vn\u00edkovi je <strong>pronajat \u010dip<\/strong> za cenu 140 K\u010d&nbsp;na&nbsp;celou dobu \u0161koln\u00ed doch\u00e1zky.<\/span><\/li>\n<li><span style=\"font-size: 14pt;\">Po&nbsp;jej\u00edm ukon\u010den\u00ed (nejd\u00e9le v\u0161ak 6&nbsp;m\u011bs\u00edc\u016f po&nbsp;ukon\u010den\u00ed \u0161koln\u00ed doch\u00e1zky) \u017e\u00e1k <strong>neporu\u0161en\u00fd<\/strong> \u010dip odevzd\u00e1 a tato \u010d\u00e1stka mu bude vr\u00e1cena.<\/span><\/li>\n<li><span style=\"font-size: 14pt;\">\u00da\u0159edn\u00ed hodiny pro&nbsp;vyzvednut\u00ed n\u00e1hradn\u00edho dokladu v&nbsp;p\u0159\u00edpad\u011b zapomenut\u00e9ho \u010dipu:<\/span>\n<ul>\n<li><span style=\"font-size: 14pt;\">10:45 \u2013 11:00 hodin<\/span><\/li>\n<li><span style=\"font-size: 14pt;\">11:45 \u2013 12:00 hodin<\/span><\/li>\n<li><span style=\"font-size: 14pt;\">13:45 \u2013 14:00 hodin<\/span><\/li>\n<\/ul>\n<\/li>\n<\/ul>\n<ul>\n<li><span style=\"font-size: 14pt;\">\u0160koln\u00ed j\u00eddelna p\u0159ipravuje 2\u20133 j\u00eddla, k&nbsp;jejich objedn\u00e1n\u00ed slou\u017e\u00ed bezkontaktn\u00ed \u010dip. Menu \u010d. 3 se nep\u0159ipravuje v&nbsp;p\u0159\u00edpad\u011b, \u017ee&nbsp;po\u010det objedn\u00e1vek je ni\u017e\u0161\u00ed ne\u017e&nbsp;20&nbsp;porc\u00ed.<\/span><\/li>\n<\/ul>\n<h3>&nbsp;<\/h3>\n<h3>&nbsp;<\/h3>\n","protected":false},"excerpt":{"rendered":"<p>Ka\u017ed\u00e9mu str\u00e1vn\u00edkovi je pronajat \u010dip za cenu 140 K\u010d&nbsp;na&nbsp;celou dobu \u0161koln\u00ed doch\u00e1zky. Po&nbsp;jej\u00edm ukon\u010den\u00ed (nejd\u00e9le v\u0161ak 6&nbsp;m\u011bs\u00edc\u016f po&nbsp;ukon\u010den\u00ed \u0161koln\u00ed doch\u00e1zky) \u017e\u00e1k neporu\u0161en\u00fd \u010dip odevzd\u00e1 a tato \u010d\u00e1stka mu bude vr\u00e1cena. \u00da\u0159edn\u00ed hodiny pro&nbsp;vyzvednut\u00ed n\u00e1hradn\u00edho dokladu v&nbsp;p\u0159\u00edpad\u011b zapomenut\u00e9ho \u010dipu: 10:45 \u2013 &hellip; <a class=\"more-link\" href=\"https:\/\/www.fzsbarr.cz\/jid\/pel-mel\/\">read more<\/a><\/p>","protected":false},"author":2,"featured_media":0,"parent":0,"menu_order":0,"comment_status":"closed","ping_status":"open","template":"","meta":{"ngg_post_thumbnail":0,"footnotes":""},"class_list":["post-165","page","type-page","status-publish","hentry"],"_links":{"self":[{"href":"https:\/\/www.fzsbarr.cz\/jid\/wp-json\/wp\/v2\/pages\/165","targetHints":{"allow":["GET"]}}],"collection":[{"href":"https:\/\/www.fzsbarr.cz\/jid\/wp-json\/wp\/v2\/pages"}],"about":[{"href":"https:\/\/www.fzsbarr.cz\/jid\/wp-json\/wp\/v2\/types\/page"}],"author":[{"embeddable":true,"href":"https:\/\/www.fzsbarr.cz\/jid\/wp-json\/wp\/v2\/users\/2"}],"replies":[{"embeddable":true,"href":"https:\/\/www.fzsbarr.cz\/jid\/wp-json\/wp\/v2\/comments?post=165"}],"version-history":[{"count":8,"href":"https:\/\/www.fzsbarr.cz\/jid\/wp-json\/wp\/v2\/pages\/165\/revisions"}],"predecessor-version":[{"id":497,"href":"https:\/\/www.fzsbarr.cz\/jid\/wp-json\/wp\/v2\/pages\/165\/revisions\/497"}],"wp:attachment":[{"href":"https:\/\/www.fzsbarr.cz\/jid\/wp-json\/wp\/v2\/media?parent=165"}],"curies":[{"name":"wp","href":"https:\/\/api.w.org\/{rel}","templated":true}]}}